{"id":135,"date":"2024-02-23T20:20:11","date_gmt":"2024-02-23T20:20:11","guid":{"rendered":"https:\/\/www.gnsite.com.br\/diogocasagrande\/?page_id=135"},"modified":"2024-08-29T03:26:57","modified_gmt":"2024-08-29T03:26:57","slug":"sobre-diogo-casagrande","status":"publish","type":"page","link":"https:\/\/www.gnsite.com.br\/diogocasagrande\/","title":{"rendered":"Sobre Diogo Casagrande"},"content":{"rendered":"<div class=\"wp-block-image\">\n<figure class=\"aligncenter size-full is-resized\"><img loading=\"lazy\" decoding=\"async\" width=\"1080\" height=\"1080\" src=\"https:\/\/www.gnsite.com.br\/diogocasagrande\/wp-content\/uploads\/2024\/06\/Diogo-Casagrande-1.png\" alt=\"\" class=\"wp-image-285\" style=\"width:426px;height:auto\" srcset=\"https:\/\/www.gnsite.com.br\/diogocasagrande\/wp-content\/uploads\/2024\/06\/Diogo-Casagrande-1.png 1080w, https:\/\/www.gnsite.com.br\/diogocasagrande\/wp-content\/uploads\/2024\/06\/Diogo-Casagrande-1-300x300.png 300w, https:\/\/www.gnsite.com.br\/diogocasagrande\/wp-content\/uploads\/2024\/06\/Diogo-Casagrande-1-1024x1024.png 1024w, https:\/\/www.gnsite.com.br\/diogocasagrande\/wp-content\/uploads\/2024\/06\/Diogo-Casagrande-1-150x150.png 150w, https:\/\/www.gnsite.com.br\/diogocasagrande\/wp-content\/uploads\/2024\/06\/Diogo-Casagrande-1-768x768.png 768w\" sizes=\"auto, (max-width: 1080px) 100vw, 1080px\" \/><\/figure>\n<\/div>\n\n\n<p><\/p>\n\n\n\n<h3 class=\"wp-block-heading\">Meu nome \u00e9 Diogo de Castro Casagrande e tenho 37 anos.<\/h3>\n\n\n\n<h3 class=\"wp-block-heading\">Trabalho na Marka da Paz a 2 anos e sou professor de Taekwondo na academia Olympians Gym.<\/h3>\n\n\n\n<h3 class=\"wp-block-heading\"><strong>Sou faixa preta 2 Dan e j\u00e1 fui campe\u00e3o 5 vezes Brasileiro e 10 vezes campe\u00e3o paulista.<\/strong><\/h3>\n\n\n<div class=\"wp-block-image\">\n<figure class=\"aligncenter size-full is-resized\"><img loading=\"lazy\" decoding=\"async\" width=\"1024\" height=\"1024\" src=\"https:\/\/www.gnsite.com.br\/diogocasagrande\/wp-content\/uploads\/2024\/06\/image.png\" alt=\"O atributo alt desta imagem est\u00e1 vazio. O nome do arquivo \u00e9 Design-sem-nome-1024x1024.png\" class=\"wp-image-312\" style=\"width:541px;height:auto\" srcset=\"https:\/\/www.gnsite.com.br\/diogocasagrande\/wp-content\/uploads\/2024\/06\/image.png 1024w, https:\/\/www.gnsite.com.br\/diogocasagrande\/wp-content\/uploads\/2024\/06\/image-300x300.png 300w, https:\/\/www.gnsite.com.br\/diogocasagrande\/wp-content\/uploads\/2024\/06\/image-150x150.png 150w, https:\/\/www.gnsite.com.br\/diogocasagrande\/wp-content\/uploads\/2024\/06\/image-768x768.png 768w\" sizes=\"auto, (max-width: 1024px) 100vw, 1024px\" \/><\/figure>\n<\/div>\n\n\n<blockquote class=\"wp-block-quote is-layout-flow wp-block-quote-is-layout-flow\">\n<h3 class=\"wp-block-heading\"><em>Trabalho como <\/em>Professor de Takewondo e<em> L\u00edder de expans\u00e3o da Marka da Paz formando l\u00edderes e buscando pessoas que gostariam de neg\u00f3cio pr\u00f3prio e renda extra!<\/em><\/h3>\n<\/blockquote>\n\n\n\n<hr class=\"wp-block-separator has-alpha-channel-opacity\"\/>\n\n\n\n<h2 class=\"wp-block-heading has-text-align-center\"><strong>REDES SOCIAIS<\/strong><\/h2>\n\n\n\n<h3 class=\"wp-block-heading\"><strong>Me siga nas Redes Sociais e receba promo\u00e7\u00f5es<\/strong> sobre os produtos<\/h3>\n\n\n\n<h3 class=\"wp-block-heading\">e fique por dentro das novidades!<\/h3>\n\n\n<div class=\"wp-block-image\">\n<figure class=\"aligncenter size-full is-resized\"><a href=\"https:\/\/www.facebook.com\/dccasagrande\" target=\"_blank\" rel=\"Facebook Diogo Casagrande noopener\"><img loading=\"lazy\" decoding=\"async\" width=\"500\" height=\"500\" src=\"https:\/\/www.gnsite.com.br\/diogocasagrande\/wp-content\/uploads\/2024\/06\/image-2.png\" alt=\"\" class=\"wp-image-317\" style=\"width:281px;height:auto\" srcset=\"https:\/\/www.gnsite.com.br\/diogocasagrande\/wp-content\/uploads\/2024\/06\/image-2.png 500w, https:\/\/www.gnsite.com.br\/diogocasagrande\/wp-content\/uploads\/2024\/06\/image-2-300x300.png 300w, https:\/\/www.gnsite.com.br\/diogocasagrande\/wp-content\/uploads\/2024\/06\/image-2-150x150.png 150w\" sizes=\"auto, (max-width: 500px) 100vw, 500px\" \/><\/a><\/figure>\n<\/div>\n\n<div class=\"wp-block-image\">\n<figure class=\"aligncenter size-full is-resized\"><a href=\"https:\/\/www.instagram.com\/dih_sama\" target=\"_blank\" rel=\"Instagram Diogo Casagrande noopener\"><img loading=\"lazy\" decoding=\"async\" width=\"500\" height=\"500\" src=\"https:\/\/www.gnsite.com.br\/diogocasagrande\/wp-content\/uploads\/2024\/06\/image-1.png\" alt=\"O atributo alt desta imagem est\u00e1 vazio. O nome do arquivo \u00e9 20220708_002009_0000.png\" class=\"wp-image-316\" style=\"width:275px;height:auto\" srcset=\"https:\/\/www.gnsite.com.br\/diogocasagrande\/wp-content\/uploads\/2024\/06\/image-1.png 500w, https:\/\/www.gnsite.com.br\/diogocasagrande\/wp-content\/uploads\/2024\/06\/image-1-300x300.png 300w, https:\/\/www.gnsite.com.br\/diogocasagrande\/wp-content\/uploads\/2024\/06\/image-1-150x150.png 150w\" sizes=\"auto, (max-width: 500px) 100vw, 500px\" \/><\/a><\/figure>\n<\/div>\n\n\n<hr class=\"wp-block-separator has-alpha-channel-opacity\"\/>\n\n\n\n<h2 class=\"wp-block-heading has-text-align-center\"><\/h2>\n\n\n\n<h2 class=\"wp-block-heading has-text-align-center\"><strong>ME CHAMA NO WHATSAPP<\/strong>!<\/h2>\n\n\n\n<h3 class=\"wp-block-heading has-text-align-center\"><em>S\u00f3 lembrando que n\u00e3o atendo liga\u00e7\u00f5es, mas respondo mensagens assim que poss\u00edvel!<\/em><\/h3>\n\n\n<div class=\"wp-block-image\">\n<figure class=\"aligncenter is-resized\"><a href=\"https:\/\/wa.link\/z8v8b9\" target=\"_blank\" rel=\"Whatsapp Diogocasagrande noopener\"><img loading=\"lazy\" decoding=\"async\" width=\"500\" height=\"500\" src=\"https:\/\/www.gnsite.com.br\/diogocasagrande\/wp-content\/uploads\/2024\/02\/20220707_234311_0000.png\" alt=\"\" class=\"wp-image-80\" style=\"width:286px;height:auto\" srcset=\"https:\/\/www.gnsite.com.br\/diogocasagrande\/wp-content\/uploads\/2024\/02\/20220707_234311_0000.png 500w, https:\/\/www.gnsite.com.br\/diogocasagrande\/wp-content\/uploads\/2024\/02\/20220707_234311_0000-300x300.png 300w, https:\/\/www.gnsite.com.br\/diogocasagrande\/wp-content\/uploads\/2024\/02\/20220707_234311_0000-150x150.png 150w\" sizes=\"auto, (max-width: 500px) 100vw, 500px\" \/><\/a><\/figure>\n<\/div>","protected":false},"excerpt":{"rendered":"<p>Meu nome \u00e9 Diogo de Castro Casagrande e tenho 37 anos. Trabalho na Marka da Paz a 2 anos e sou professor de Taekwondo na academia Olympians Gym. Sou faixa preta 2 Dan e j\u00e1 fui campe\u00e3o 5 vezes Brasileiro e 10 vezes campe\u00e3o paulista. Trabalho como Professor de Takewondo&#8230;<\/p>\n","protected":false},"author":1,"featured_media":0,"parent":0,"menu_order":0,"comment_status":"closed","ping_status":"closed","template":"","meta":{"footnotes":""},"class_list":["post-135","page","type-page","status-publish","hentry"],"_links":{"self":[{"href":"https:\/\/www.gnsite.com.br\/diogocasagrande\/wp-json\/wp\/v2\/pages\/135","targetHints":{"allow":["GET"]}}],"collection":[{"href":"https:\/\/www.gnsite.com.br\/diogocasagrande\/wp-json\/wp\/v2\/pages"}],"about":[{"href":"https:\/\/www.gnsite.com.br\/diogocasagrande\/wp-json\/wp\/v2\/types\/page"}],"author":[{"embeddable":true,"href":"https:\/\/www.gnsite.com.br\/diogocasagrande\/wp-json\/wp\/v2\/users\/1"}],"replies":[{"embeddable":true,"href":"https:\/\/www.gnsite.com.br\/diogocasagrande\/wp-json\/wp\/v2\/comments?post=135"}],"version-history":[{"count":91,"href":"https:\/\/www.gnsite.com.br\/diogocasagrande\/wp-json\/wp\/v2\/pages\/135\/revisions"}],"predecessor-version":[{"id":434,"href":"https:\/\/www.gnsite.com.br\/diogocasagrande\/wp-json\/wp\/v2\/pages\/135\/revisions\/434"}],"wp:attachment":[{"href":"https:\/\/www.gnsite.com.br\/diogocasagrande\/wp-json\/wp\/v2\/media?parent=135"}],"curies":[{"name":"wp","href":"https:\/\/api.w.org\/{rel}","templated":true}]}}