{"id":356,"date":"2024-07-18T16:26:06","date_gmt":"2024-07-18T16:26:06","guid":{"rendered":"https:\/\/www.gnsite.com.br\/diogocasagrande\/?page_id=356"},"modified":"2024-08-29T17:21:09","modified_gmt":"2024-08-29T17:21:09","slug":"aprenda-taekwondo","status":"publish","type":"page","link":"https:\/\/www.gnsite.com.br\/diogocasagrande\/aprenda-taekwondo\/","title":{"rendered":"Aprenda Taekwondo"},"content":{"rendered":"<div class=\"wp-block-image\">\n<figure class=\"aligncenter size-large is-resized\"><img loading=\"lazy\" decoding=\"async\" width=\"576\" height=\"1024\" src=\"https:\/\/www.gnsite.com.br\/diogocasagrande\/wp-content\/uploads\/2024\/08\/WhatsApp-Image-2024-08-05-at-10.42.28-576x1024.jpeg\" alt=\"\" class=\"wp-image-409\" style=\"width:362px;height:auto\" srcset=\"https:\/\/www.gnsite.com.br\/diogocasagrande\/wp-content\/uploads\/2024\/08\/WhatsApp-Image-2024-08-05-at-10.42.28-576x1024.jpeg 576w, https:\/\/www.gnsite.com.br\/diogocasagrande\/wp-content\/uploads\/2024\/08\/WhatsApp-Image-2024-08-05-at-10.42.28-169x300.jpeg 169w, https:\/\/www.gnsite.com.br\/diogocasagrande\/wp-content\/uploads\/2024\/08\/WhatsApp-Image-2024-08-05-at-10.42.28-768x1366.jpeg 768w, https:\/\/www.gnsite.com.br\/diogocasagrande\/wp-content\/uploads\/2024\/08\/WhatsApp-Image-2024-08-05-at-10.42.28-864x1536.jpeg 864w, https:\/\/www.gnsite.com.br\/diogocasagrande\/wp-content\/uploads\/2024\/08\/WhatsApp-Image-2024-08-05-at-10.42.28.jpeg 899w\" sizes=\"auto, (max-width: 576px) 100vw, 576px\" \/><\/figure>\n<\/div>\n\n\n<p><\/p>\n\n\n<div class=\"wp-block-image\">\n<figure class=\"aligncenter size-full is-resized\"><img loading=\"lazy\" decoding=\"async\" width=\"1080\" height=\"1080\" src=\"https:\/\/www.gnsite.com.br\/diogocasagrande\/wp-content\/uploads\/2024\/08\/8_20240829_093502_0007.png\" alt=\"\" class=\"wp-image-450\" style=\"width:555px;height:auto\" srcset=\"https:\/\/www.gnsite.com.br\/diogocasagrande\/wp-content\/uploads\/2024\/08\/8_20240829_093502_0007.png 1080w, https:\/\/www.gnsite.com.br\/diogocasagrande\/wp-content\/uploads\/2024\/08\/8_20240829_093502_0007-300x300.png 300w, https:\/\/www.gnsite.com.br\/diogocasagrande\/wp-content\/uploads\/2024\/08\/8_20240829_093502_0007-1024x1024.png 1024w, https:\/\/www.gnsite.com.br\/diogocasagrande\/wp-content\/uploads\/2024\/08\/8_20240829_093502_0007-150x150.png 150w, https:\/\/www.gnsite.com.br\/diogocasagrande\/wp-content\/uploads\/2024\/08\/8_20240829_093502_0007-768x768.png 768w\" sizes=\"auto, (max-width: 1080px) 100vw, 1080px\" \/><\/figure>\n<\/div>\n\n\n<p><\/p>\n\n\n\n<h2 class=\"wp-block-heading has-text-align-center\"><strong>1-Melhora da Condi\u00e7\u00e3o F\u00edsica:<\/strong><\/h2>\n\n\n<div class=\"wp-block-image\">\n<figure class=\"aligncenter size-full is-resized\"><img loading=\"lazy\" decoding=\"async\" width=\"1080\" height=\"1080\" src=\"https:\/\/www.gnsite.com.br\/diogocasagrande\/wp-content\/uploads\/2024\/08\/1_20240829_093500_0000.png\" alt=\"\" class=\"wp-image-457\" style=\"width:451px;height:auto\" srcset=\"https:\/\/www.gnsite.com.br\/diogocasagrande\/wp-content\/uploads\/2024\/08\/1_20240829_093500_0000.png 1080w, https:\/\/www.gnsite.com.br\/diogocasagrande\/wp-content\/uploads\/2024\/08\/1_20240829_093500_0000-300x300.png 300w, https:\/\/www.gnsite.com.br\/diogocasagrande\/wp-content\/uploads\/2024\/08\/1_20240829_093500_0000-1024x1024.png 1024w, https:\/\/www.gnsite.com.br\/diogocasagrande\/wp-content\/uploads\/2024\/08\/1_20240829_093500_0000-150x150.png 150w, https:\/\/www.gnsite.com.br\/diogocasagrande\/wp-content\/uploads\/2024\/08\/1_20240829_093500_0000-768x768.png 768w\" sizes=\"auto, (max-width: 1080px) 100vw, 1080px\" \/><\/figure>\n<\/div>\n\n\n<h3 class=\"wp-block-heading has-text-align-center\">O Taekwondo \u00e9 um excelente exerc\u00edcio cardiovascular que ajuda a melhorar a resist\u00eancia, for\u00e7a muscular, flexibilidade e coordena\u00e7\u00e3o motora.<\/h3>\n\n\n\n<p><\/p>\n\n\n\n<h2 class=\"wp-block-heading has-text-align-center\"><strong>2-Disciplina e Autocontrole:<\/strong><\/h2>\n\n\n<div class=\"wp-block-image\">\n<figure class=\"aligncenter size-large is-resized\"><img loading=\"lazy\" decoding=\"async\" width=\"1024\" height=\"1024\" src=\"https:\/\/www.gnsite.com.br\/diogocasagrande\/wp-content\/uploads\/2024\/08\/2_20240829_093500_0001-1024x1024.png\" alt=\"\" class=\"wp-image-452\" style=\"width:493px;height:auto\" srcset=\"https:\/\/www.gnsite.com.br\/diogocasagrande\/wp-content\/uploads\/2024\/08\/2_20240829_093500_0001-1024x1024.png 1024w, https:\/\/www.gnsite.com.br\/diogocasagrande\/wp-content\/uploads\/2024\/08\/2_20240829_093500_0001-300x300.png 300w, https:\/\/www.gnsite.com.br\/diogocasagrande\/wp-content\/uploads\/2024\/08\/2_20240829_093500_0001-150x150.png 150w, https:\/\/www.gnsite.com.br\/diogocasagrande\/wp-content\/uploads\/2024\/08\/2_20240829_093500_0001-768x768.png 768w, https:\/\/www.gnsite.com.br\/diogocasagrande\/wp-content\/uploads\/2024\/08\/2_20240829_093500_0001.png 1080w\" sizes=\"auto, (max-width: 1024px) 100vw, 1024px\" \/><\/figure>\n<\/div>\n\n\n<h3 class=\"wp-block-heading has-text-align-center\">A pr\u00e1tica constante exige concentra\u00e7\u00e3o, respeito \u00e0s regras e controle emocional, ajudando a desenvolver a autodisciplina e o autocontrole.<\/h3>\n\n\n\n<p><\/p>\n\n\n\n<h2 class=\"wp-block-heading has-text-align-center\"><strong>3-Aumento da Autoconfian\u00e7a:<\/strong><\/h2>\n\n\n<div class=\"wp-block-image\">\n<figure class=\"aligncenter size-large is-resized\"><img loading=\"lazy\" decoding=\"async\" width=\"1024\" height=\"1024\" src=\"https:\/\/www.gnsite.com.br\/diogocasagrande\/wp-content\/uploads\/2024\/08\/3_20240829_093501_0002-1024x1024.png\" alt=\"\" class=\"wp-image-453\" style=\"width:507px;height:auto\" srcset=\"https:\/\/www.gnsite.com.br\/diogocasagrande\/wp-content\/uploads\/2024\/08\/3_20240829_093501_0002-1024x1024.png 1024w, https:\/\/www.gnsite.com.br\/diogocasagrande\/wp-content\/uploads\/2024\/08\/3_20240829_093501_0002-300x300.png 300w, https:\/\/www.gnsite.com.br\/diogocasagrande\/wp-content\/uploads\/2024\/08\/3_20240829_093501_0002-150x150.png 150w, https:\/\/www.gnsite.com.br\/diogocasagrande\/wp-content\/uploads\/2024\/08\/3_20240829_093501_0002-768x768.png 768w, https:\/\/www.gnsite.com.br\/diogocasagrande\/wp-content\/uploads\/2024\/08\/3_20240829_093501_0002.png 1080w\" sizes=\"auto, (max-width: 1024px) 100vw, 1024px\" \/><\/figure>\n<\/div>\n\n\n<h3 class=\"wp-block-heading has-text-align-center\">Ao aprender novas habilidades e superar desafios, os praticantes aumentam sua autoconfian\u00e7a e autoestima.<\/h3>\n\n\n\n<p><\/p>\n\n\n\n<h2 class=\"wp-block-heading has-text-align-center\"><strong>4-Defesa Pessoal:<\/strong><\/h2>\n\n\n<div class=\"wp-block-image\">\n<figure class=\"aligncenter size-large is-resized\"><img loading=\"lazy\" decoding=\"async\" width=\"1024\" height=\"1024\" src=\"https:\/\/www.gnsite.com.br\/diogocasagrande\/wp-content\/uploads\/2024\/08\/4_20240829_093501_0003-1024x1024.png\" alt=\"\" class=\"wp-image-454\" style=\"width:513px;height:auto\" srcset=\"https:\/\/www.gnsite.com.br\/diogocasagrande\/wp-content\/uploads\/2024\/08\/4_20240829_093501_0003-1024x1024.png 1024w, https:\/\/www.gnsite.com.br\/diogocasagrande\/wp-content\/uploads\/2024\/08\/4_20240829_093501_0003-300x300.png 300w, https:\/\/www.gnsite.com.br\/diogocasagrande\/wp-content\/uploads\/2024\/08\/4_20240829_093501_0003-150x150.png 150w, https:\/\/www.gnsite.com.br\/diogocasagrande\/wp-content\/uploads\/2024\/08\/4_20240829_093501_0003-768x768.png 768w, https:\/\/www.gnsite.com.br\/diogocasagrande\/wp-content\/uploads\/2024\/08\/4_20240829_093501_0003.png 1080w\" sizes=\"auto, (max-width: 1024px) 100vw, 1024px\" \/><\/figure>\n<\/div>\n\n\n<h3 class=\"wp-block-heading has-text-align-center\">Os treinamentos ensinam t\u00e9cnicas de autodefesa eficazes, ajudando os praticantes a se sentirem mais seguros.<\/h3>\n\n\n\n<p><\/p>\n\n\n\n<h2 class=\"wp-block-heading has-text-align-center\"><strong>5-Redu\u00e7\u00e3o do Estresse:<\/strong><\/h2>\n\n\n<div class=\"wp-block-image\">\n<figure class=\"aligncenter size-large is-resized\"><img loading=\"lazy\" decoding=\"async\" width=\"1024\" height=\"1024\" src=\"https:\/\/www.gnsite.com.br\/diogocasagrande\/wp-content\/uploads\/2024\/08\/5_20240829_093501_0004-1024x1024.png\" alt=\"\" class=\"wp-image-455\" style=\"width:524px;height:auto\" srcset=\"https:\/\/www.gnsite.com.br\/diogocasagrande\/wp-content\/uploads\/2024\/08\/5_20240829_093501_0004-1024x1024.png 1024w, https:\/\/www.gnsite.com.br\/diogocasagrande\/wp-content\/uploads\/2024\/08\/5_20240829_093501_0004-300x300.png 300w, https:\/\/www.gnsite.com.br\/diogocasagrande\/wp-content\/uploads\/2024\/08\/5_20240829_093501_0004-150x150.png 150w, https:\/\/www.gnsite.com.br\/diogocasagrande\/wp-content\/uploads\/2024\/08\/5_20240829_093501_0004-768x768.png 768w, https:\/\/www.gnsite.com.br\/diogocasagrande\/wp-content\/uploads\/2024\/08\/5_20240829_093501_0004.png 1080w\" sizes=\"auto, (max-width: 1024px) 100vw, 1024px\" \/><\/figure>\n<\/div>\n\n\n<h3 class=\"wp-block-heading has-text-align-center\">A pr\u00e1tica regular libera endorfinas, que ajudam a aliviar o estresse e a melhorar o humor.<\/h3>\n\n\n\n<p><\/p>\n\n\n\n<h2 class=\"wp-block-heading has-text-align-center\"><strong>6-Desenvolvimento da Concentra\u00e7\u00e3o e Foco:<\/strong><\/h2>\n\n\n<div class=\"wp-block-image\">\n<figure class=\"aligncenter size-large is-resized\"><img loading=\"lazy\" decoding=\"async\" width=\"1024\" height=\"1024\" src=\"https:\/\/www.gnsite.com.br\/diogocasagrande\/wp-content\/uploads\/2024\/08\/6_20240829_093501_0005-1024x1024.png\" alt=\"\" class=\"wp-image-456\" style=\"width:517px;height:auto\" srcset=\"https:\/\/www.gnsite.com.br\/diogocasagrande\/wp-content\/uploads\/2024\/08\/6_20240829_093501_0005-1024x1024.png 1024w, https:\/\/www.gnsite.com.br\/diogocasagrande\/wp-content\/uploads\/2024\/08\/6_20240829_093501_0005-300x300.png 300w, https:\/\/www.gnsite.com.br\/diogocasagrande\/wp-content\/uploads\/2024\/08\/6_20240829_093501_0005-150x150.png 150w, https:\/\/www.gnsite.com.br\/diogocasagrande\/wp-content\/uploads\/2024\/08\/6_20240829_093501_0005-768x768.png 768w, https:\/\/www.gnsite.com.br\/diogocasagrande\/wp-content\/uploads\/2024\/08\/6_20240829_093501_0005.png 1080w\" sizes=\"auto, (max-width: 1024px) 100vw, 1024px\" \/><\/figure>\n<\/div>\n\n\n<h3 class=\"wp-block-heading has-text-align-center\">Os treinos exigem aten\u00e7\u00e3o aos movimentos e estrat\u00e9gias, melhorando a concentra\u00e7\u00e3o e o foco mental.<\/h3>\n\n\n\n<p><\/p>\n\n\n\n<h2 class=\"wp-block-heading has-text-align-center\"><strong>7-Socializa\u00e7\u00e3o e Esp\u00edrito de Equipe:<\/strong><\/h2>\n\n\n<div class=\"wp-block-image\">\n<figure class=\"aligncenter size-large is-resized\"><img loading=\"lazy\" decoding=\"async\" width=\"1024\" height=\"1024\" src=\"https:\/\/www.gnsite.com.br\/diogocasagrande\/wp-content\/uploads\/2024\/08\/7_20240829_093501_0006-1024x1024.png\" alt=\"\" class=\"wp-image-449\" style=\"width:511px;height:auto\" srcset=\"https:\/\/www.gnsite.com.br\/diogocasagrande\/wp-content\/uploads\/2024\/08\/7_20240829_093501_0006-1024x1024.png 1024w, https:\/\/www.gnsite.com.br\/diogocasagrande\/wp-content\/uploads\/2024\/08\/7_20240829_093501_0006-300x300.png 300w, https:\/\/www.gnsite.com.br\/diogocasagrande\/wp-content\/uploads\/2024\/08\/7_20240829_093501_0006-150x150.png 150w, https:\/\/www.gnsite.com.br\/diogocasagrande\/wp-content\/uploads\/2024\/08\/7_20240829_093501_0006-768x768.png 768w, https:\/\/www.gnsite.com.br\/diogocasagrande\/wp-content\/uploads\/2024\/08\/7_20240829_093501_0006.png 1080w\" sizes=\"auto, (max-width: 1024px) 100vw, 1024px\" \/><\/figure>\n<\/div>\n\n\n<h3 class=\"wp-block-heading has-text-align-center\">A pr\u00e1tica envolve intera\u00e7\u00f5es constantes com colegas e instrutores, promovendo o trabalho em equipe, respeito e companheirismo.<\/h3>\n\n\n\n<p><\/p>\n\n\n<div class=\"wp-block-image\">\n<figure class=\"aligncenter size-large is-resized\"><img loading=\"lazy\" decoding=\"async\" width=\"1024\" height=\"1024\" src=\"https:\/\/www.gnsite.com.br\/diogocasagrande\/wp-content\/uploads\/2024\/08\/WhatsApp-Image-2024-08-05-at-10.42.27-1024x1024.jpeg\" alt=\"\" class=\"wp-image-407\" style=\"width:528px;height:auto\" srcset=\"https:\/\/www.gnsite.com.br\/diogocasagrande\/wp-content\/uploads\/2024\/08\/WhatsApp-Image-2024-08-05-at-10.42.27-1024x1024.jpeg 1024w, https:\/\/www.gnsite.com.br\/diogocasagrande\/wp-content\/uploads\/2024\/08\/WhatsApp-Image-2024-08-05-at-10.42.27-300x300.jpeg 300w, https:\/\/www.gnsite.com.br\/diogocasagrande\/wp-content\/uploads\/2024\/08\/WhatsApp-Image-2024-08-05-at-10.42.27-150x150.jpeg 150w, https:\/\/www.gnsite.com.br\/diogocasagrande\/wp-content\/uploads\/2024\/08\/WhatsApp-Image-2024-08-05-at-10.42.27-768x768.jpeg 768w, https:\/\/www.gnsite.com.br\/diogocasagrande\/wp-content\/uploads\/2024\/08\/WhatsApp-Image-2024-08-05-at-10.42.27.jpeg 1080w\" sizes=\"auto, (max-width: 1024px) 100vw, 1024px\" \/><\/figure>\n<\/div>\n\n\n<p><\/p>\n\n\n\n<figure class=\"wp-block-image size-large\"><img loading=\"lazy\" decoding=\"async\" width=\"1024\" height=\"1024\" src=\"https:\/\/www.gnsite.com.br\/diogocasagrande\/wp-content\/uploads\/2024\/08\/9_20240829_093502_0008-1024x1024.png\" alt=\"\" class=\"wp-image-451\" srcset=\"https:\/\/www.gnsite.com.br\/diogocasagrande\/wp-content\/uploads\/2024\/08\/9_20240829_093502_0008-1024x1024.png 1024w, https:\/\/www.gnsite.com.br\/diogocasagrande\/wp-content\/uploads\/2024\/08\/9_20240829_093502_0008-300x300.png 300w, https:\/\/www.gnsite.com.br\/diogocasagrande\/wp-content\/uploads\/2024\/08\/9_20240829_093502_0008-150x150.png 150w, https:\/\/www.gnsite.com.br\/diogocasagrande\/wp-content\/uploads\/2024\/08\/9_20240829_093502_0008-768x768.png 768w, https:\/\/www.gnsite.com.br\/diogocasagrande\/wp-content\/uploads\/2024\/08\/9_20240829_093502_0008.png 1080w\" sizes=\"auto, (max-width: 1024px) 100vw, 1024px\" \/><\/figure>\n\n\n\n<hr class=\"wp-block-separator has-alpha-channel-opacity\"\/>\n\n\n\n<h2 class=\"wp-block-heading has-text-align-center\"><strong>ME CHAMA NO WHATSAPP<\/strong>!<\/h2>\n\n\n\n<h3 class=\"wp-block-heading has-text-align-center\"><em>S\u00f3 lembrando que n\u00e3o atendo liga\u00e7\u00f5es, mas respondo mensagens assim que poss\u00edvel!<\/em><\/h3>\n\n\n<div class=\"wp-block-image\">\n<figure class=\"aligncenter size-full is-resized\"><a href=\"https:\/\/wa.link\/12t9mk\" target=\"_blank\" rel=\"Zap noopener\"><img loading=\"lazy\" decoding=\"async\" width=\"500\" height=\"500\" src=\"https:\/\/www.gnsite.com.br\/diogocasagrande\/wp-content\/uploads\/2024\/02\/20220707_234311_0000.png\" alt=\"\" class=\"wp-image-80\" style=\"width:334px;height:auto\" srcset=\"https:\/\/www.gnsite.com.br\/diogocasagrande\/wp-content\/uploads\/2024\/02\/20220707_234311_0000.png 500w, https:\/\/www.gnsite.com.br\/diogocasagrande\/wp-content\/uploads\/2024\/02\/20220707_234311_0000-300x300.png 300w, https:\/\/www.gnsite.com.br\/diogocasagrande\/wp-content\/uploads\/2024\/02\/20220707_234311_0000-150x150.png 150w\" sizes=\"auto, (max-width: 500px) 100vw, 500px\" \/><\/a><\/figure>\n<\/div>","protected":false},"excerpt":{"rendered":"<p>1-Melhora da Condi\u00e7\u00e3o F\u00edsica: O Taekwondo \u00e9 um excelente exerc\u00edcio cardiovascular que ajuda a melhorar a resist\u00eancia, for\u00e7a muscular, flexibilidade e coordena\u00e7\u00e3o motora. 2-Disciplina e Autocontrole: A pr\u00e1tica constante exige concentra\u00e7\u00e3o, respeito \u00e0s regras e controle emocional, ajudando a desenvolver a autodisciplina e o autocontrole. 3-Aumento da Autoconfian\u00e7a: Ao aprender&#8230;<\/p>\n","protected":false},"author":1,"featured_media":0,"parent":0,"menu_order":0,"comment_status":"closed","ping_status":"closed","template":"","meta":{"footnotes":""},"class_list":["post-356","page","type-page","status-publish","hentry"],"_links":{"self":[{"href":"https:\/\/www.gnsite.com.br\/diogocasagrande\/wp-json\/wp\/v2\/pages\/356","targetHints":{"allow":["GET"]}}],"collection":[{"href":"https:\/\/www.gnsite.com.br\/diogocasagrande\/wp-json\/wp\/v2\/pages"}],"about":[{"href":"https:\/\/www.gnsite.com.br\/diogocasagrande\/wp-json\/wp\/v2\/types\/page"}],"author":[{"embeddable":true,"href":"https:\/\/www.gnsite.com.br\/diogocasagrande\/wp-json\/wp\/v2\/users\/1"}],"replies":[{"embeddable":true,"href":"https:\/\/www.gnsite.com.br\/diogocasagrande\/wp-json\/wp\/v2\/comments?post=356"}],"version-history":[{"count":20,"href":"https:\/\/www.gnsite.com.br\/diogocasagrande\/wp-json\/wp\/v2\/pages\/356\/revisions"}],"predecessor-version":[{"id":465,"href":"https:\/\/www.gnsite.com.br\/diogocasagrande\/wp-json\/wp\/v2\/pages\/356\/revisions\/465"}],"wp:attachment":[{"href":"https:\/\/www.gnsite.com.br\/diogocasagrande\/wp-json\/wp\/v2\/media?parent=356"}],"curies":[{"name":"wp","href":"https:\/\/api.w.org\/{rel}","templated":true}]}}